{"id":125,"date":"2019-08-16T22:59:36","date_gmt":"2019-08-16T20:59:36","guid":{"rendered":"http:\/\/teullet-avocat.fr\/?page_id=125"},"modified":"2024-11-16T00:04:36","modified_gmt":"2024-11-15T23:04:36","slug":"le-cabinet","status":"publish","type":"page","link":"https:\/\/teullet-avocat.fr\/?page_id=125","title":{"rendered":"Le cabinet"},"content":{"rendered":"\n<p><\/p>\n\n\n\n<div class=\"wp-block-image is-style-default\"><figure class=\"alignleft size-large is-resized\"><img loading=\"lazy\" src=\"http:\/\/teullet-avocat.fr\/wp-content\/uploads\/2024\/11\/Marie-TEULLET-AVOCAT-Cabinet.jpg\" alt=\"\" class=\"wp-image-512\" width=\"418\" height=\"465\"\/><\/figure><\/div>\n\n\n\n<div class=\"wp-block-group\"><div class=\"wp-block-group__inner-container\">\n<p><strong>Ma\u00eetre Marie Teullet<\/strong> est dipl\u00f4m\u00e9e :<\/p>\n<\/div><\/div>\n\n\n\n<ul><li>de l\u2019Universit\u00e9 Paris II Panth\u00e9on-Assas, <\/li><li>de l\u2019Institut des Hautes \u00c9tudes Internationales (IHEI) <\/li><li>de l&#8217;Institut de droit Compar\u00e9 (IDC) de Paris avec mention.<\/li><\/ul>\n\n\n\n<p>Elle  est \u00e9galement Docteur en droit de l\u2019Universit\u00e9 Paris  II Panth\u00e9on-Assas, ce qui lui a permis de d\u00e9velopper une solide capacit\u00e9  d&#8217;analyse et r\u00e9dactionnelle. <\/p>\n\n\n\n<p>Avocate inscrite au barreau de PARIS, travaillant avec un r\u00e9seau de partenaires de confiance, elle intervient sur un grand nombre d\u2019affaires <strong>prud&#8217;homales, civiles, et commerciales <\/strong>et plaide sur tout le territoire national. <\/p>\n\n\n\n<p>Il lui tient \u00e0 c\u0153ur d\u2019apporter \u00e0 sa client\u00e8le, compos\u00e9e d\u2019entreprises et de particuliers, des conseils pertinents et des solutions adapt\u00e9es.<\/p>\n\n\n\n<p>Pour toutes  informations suppl\u00e9mentaires, Ma\u00eetre Marie Teullet vous invite \u00e0 la contacter et s&#8217;engage \u00e0 vous r\u00e9pondre le plus rapidement possible.<\/p>\n","protected":false},"excerpt":{"rendered":"<p>de l\u2019Universit\u00e9 Paris II Panth\u00e9on-Assas, de l\u2019Institut des Hautes \u00c9tudes Internationales (IHEI) de l&#8217;Institut de droit Compar\u00e9 (IDC) de Paris avec mention. Elle est \u00e9galement Docteur en droit de l\u2019Universit\u00e9 Paris II Panth\u00e9on-Assas, ce qui lui a permis de d\u00e9velopper une solide capacit\u00e9 d&#8217;analyse et r\u00e9dactionnelle. Avocate inscrite au barreau de PARIS, travaillant avec un&hellip;&nbsp;<a href=\"https:\/\/teullet-avocat.fr\/?page_id=125\" class=\"\" rel=\"bookmark\">Read More &raquo;<span class=\"screen-reader-text\">Le cabinet<\/span><\/a><\/p>\n","protected":false},"author":1,"featured_media":0,"parent":0,"menu_order":0,"comment_status":"closed","ping_status":"closed","template":"","meta":[],"_links":{"self":[{"href":"https:\/\/teullet-avocat.fr\/index.php?rest_route=\/wp\/v2\/pages\/125"}],"collection":[{"href":"https:\/\/teullet-avocat.fr\/index.php?rest_route=\/wp\/v2\/pages"}],"about":[{"href":"https:\/\/teullet-avocat.fr\/index.php?rest_route=\/wp\/v2\/types\/page"}],"author":[{"embeddable":true,"href":"https:\/\/teullet-avocat.fr\/index.php?rest_route=\/wp\/v2\/users\/1"}],"replies":[{"embeddable":true,"href":"https:\/\/teullet-avocat.fr\/index.php?rest_route=%2Fwp%2Fv2%2Fcomments&post=125"}],"version-history":[{"count":16,"href":"https:\/\/teullet-avocat.fr\/index.php?rest_route=\/wp\/v2\/pages\/125\/revisions"}],"predecessor-version":[{"id":521,"href":"https:\/\/teullet-avocat.fr\/index.php?rest_route=\/wp\/v2\/pages\/125\/revisions\/521"}],"wp:attachment":[{"href":"https:\/\/teullet-avocat.fr\/index.php?rest_route=%2Fwp%2Fv2%2Fmedia&parent=125"}],"curies":[{"name":"wp","href":"https:\/\/api.w.org\/{rel}","templated":true}]}}