{"id":25,"date":"2019-02-15T15:42:55","date_gmt":"2019-02-15T14:42:55","guid":{"rendered":"http:\/\/teullet-avocat.fr\/?page_id=25"},"modified":"2024-11-19T21:23:36","modified_gmt":"2024-11-19T20:23:36","slug":"accueil","status":"publish","type":"page","link":"https:\/\/teullet-avocat.fr\/","title":{"rendered":""},"content":{"rendered":"\n<div class=\"wp-block-image\"><figure class=\"alignleft size-large\"><img loading=\"lazy\" width=\"398\" height=\"408\" src=\"http:\/\/teullet-avocat.fr\/wp-content\/uploads\/2020\/11\/Marie-TEULLET-AVOCAT.png\" alt=\"\" class=\"wp-image-454\" srcset=\"https:\/\/teullet-avocat.fr\/wp-content\/uploads\/2020\/11\/Marie-TEULLET-AVOCAT.png 398w, https:\/\/teullet-avocat.fr\/wp-content\/uploads\/2020\/11\/Marie-TEULLET-AVOCAT-293x300.png 293w\" sizes=\"(max-width: 398px) 100vw, 398px\" \/><\/figure><\/div>\n\n\n\n<p class=\"has-black-color has-text-color\" style=\"font-size:29px\">&#8221; Votre situation est unique, le cabinet s&#8217;y adapte &#8220;<\/p>\n\n\n\n<p class=\"has-text-align-center\">***<\/p>\n\n\n\n<p>Le cabinet <span class=\"has-inline-color has-neve-link-color-color\">TEULLET AVOCAT<\/span> offre \u00e0 ses clients un large \u00e9ventail de comp\u00e9tences pour les guider et les \u00e9pauler face aux difficult\u00e9s rencontr\u00e9es.<\/p>\n\n\n\n<p>Ma\u00eetre TEULLET vous \u00e9paule dans les probl\u00e9matiques suivantes :<\/p>\n\n\n\n<p><\/p>\n\n\n\n<div class=\"wp-block-group alignwide\"><div class=\"wp-block-group__inner-container\">\n<div class=\"wp-block-columns alignwide\">\n<div class=\"wp-block-column\">\n<div class=\"wp-block-buttons aligncenter\">\n<div class=\"wp-block-button is-style-outline\"><a class=\"wp-block-button__link has-text-color\" href=\"http:\/\/teullet-avocat.fr\/?page_id=334\" style=\"border-radius:50px;color:#ba0c49\" rel=\"http:\/\/teullet-avocat.fr\/?page_id=334\">AFFAIRES<\/a><\/div>\n<\/div>\n\n\n\n<ul><li>Cr\u00e9er sa soci\u00e9t\u00e9<\/li><\/ul>\n\n\n\n<ul><li>R\u00e9diger des CGV<\/li><li>Mentions l\u00e9gales, RGPD, (site internet)<\/li><\/ul>\n\n\n\n<ul><li>R\u00e9daction de contrat(s)<\/li><li>Probl\u00e8me d&#8217;impay\u00e9s<\/li><\/ul>\n<\/div>\n\n\n\n<div class=\"wp-block-column\">\n<div class=\"wp-block-buttons aligncenter\">\n<div class=\"wp-block-button is-style-outline is-style-default\"><a class=\"wp-block-button__link has-text-color\" href=\"http:\/\/teullet-avocat.fr\/?page_id=334\" style=\"border-radius:50px;color:#ba0c49\" rel=\"http:\/\/teullet-avocat.fr\/?page_id=334\">TRAVAIL<\/a><\/div>\n<\/div>\n\n\n\n<ul><li>Audit social, enqu\u00eate harc\u00e8lement<\/li><li>Sortie n\u00e9goci\u00e9e (conseils, n\u00e9gociation)<\/li><li>Contester mon licenciement \/ Licencier mon salari\u00e9<\/li><li>Harc\u00e8lement, discrimination, salaires, inaptitude<\/li><li>R\u00e9daction de contrats de travail<\/li><\/ul>\n<\/div>\n\n\n\n<div class=\"wp-block-column\">\n<p><\/p>\n<\/div>\n<\/div>\n\n\n\n<p><\/p>\n<\/div><\/div>\n\n\n\n<p><\/p>\n\n\n\n<div style=\"height:100px\" aria-hidden=\"true\" class=\"wp-block-spacer\"><\/div>\n\n\n\n<p><\/p>\n\n\n\n<ul class=\"wp-block-social-links\"><li class=\"wp-social-link wp-social-link-linkedin\"><a href=\"http:\/\/linkedin.com\/in\/marie-teullet-5820a23\" aria-label=\"LinkedIn\"> <svg width=\"24\" height=\"24\" viewBox=\"0 0 24 24\" version=\"1.1\" xmlns=\"http:\/\/www.w3.org\/2000\/svg\" role=\"img\" aria-hidden=\"true\" focusable=\"false\"><path d=\"M19.7,3H4.3C3.582,3,3,3.582,3,4.3v15.4C3,20.418,3.582,21,4.3,21h15.4c0.718,0,1.3-0.582,1.3-1.3V4.3 C21,3.582,20.418,3,19.7,3z M8.339,18.338H5.667v-8.59h2.672V18.338z M7.004,8.574c-0.857,0-1.549-0.694-1.549-1.548 c0-0.855,0.691-1.548,1.549-1.548c0.854,0,1.547,0.694,1.547,1.548C8.551,7.881,7.858,8.574,7.004,8.574z M18.339,18.338h-2.669 v-4.177c0-0.996-0.017-2.278-1.387-2.278c-1.389,0-1.601,1.086-1.601,2.206v4.249h-2.667v-8.59h2.559v1.174h0.037 c0.356-0.675,1.227-1.387,2.526-1.387c2.703,0,3.203,1.779,3.203,4.092V18.338z\"><\/path><\/svg><\/a><\/li>\n\n<li class=\"wp-social-link wp-social-link-instagram\"><a href=\"http:\/\/tbc\" aria-label=\"Instagram\"> <svg width=\"24\" height=\"24\" viewBox=\"0 0 24 24\" version=\"1.1\" xmlns=\"http:\/\/www.w3.org\/2000\/svg\" role=\"img\" aria-hidden=\"true\" focusable=\"false\"><path d=\"M12,4.622c2.403,0,2.688,0.009,3.637,0.052c0.877,0.04,1.354,0.187,1.671,0.31c0.42,0.163,0.72,0.358,1.035,0.673 c0.315,0.315,0.51,0.615,0.673,1.035c0.123,0.317,0.27,0.794,0.31,1.671c0.043,0.949,0.052,1.234,0.052,3.637 s-0.009,2.688-0.052,3.637c-0.04,0.877-0.187,1.354-0.31,1.671c-0.163,0.42-0.358,0.72-0.673,1.035 c-0.315,0.315-0.615,0.51-1.035,0.673c-0.317,0.123-0.794,0.27-1.671,0.31c-0.949,0.043-1.233,0.052-3.637,0.052 s-2.688-0.009-3.637-0.052c-0.877-0.04-1.354-0.187-1.671-0.31c-0.42-0.163-0.72-0.358-1.035-0.673 c-0.315-0.315-0.51-0.615-0.673-1.035c-0.123-0.317-0.27-0.794-0.31-1.671C4.631,14.688,4.622,14.403,4.622,12 s0.009-2.688,0.052-3.637c0.04-0.877,0.187-1.354,0.31-1.671c0.163-0.42,0.358-0.72,0.673-1.035 c0.315-0.315,0.615-0.51,1.035-0.673c0.317-0.123,0.794-0.27,1.671-0.31C9.312,4.631,9.597,4.622,12,4.622 M12,3 C9.556,3,9.249,3.01,8.289,3.054C7.331,3.098,6.677,3.25,6.105,3.472C5.513,3.702,5.011,4.01,4.511,4.511 c-0.5,0.5-0.808,1.002-1.038,1.594C3.25,6.677,3.098,7.331,3.054,8.289C3.01,9.249,3,9.556,3,12c0,2.444,0.01,2.751,0.054,3.711 c0.044,0.958,0.196,1.612,0.418,2.185c0.23,0.592,0.538,1.094,1.038,1.594c0.5,0.5,1.002,0.808,1.594,1.038 c0.572,0.222,1.227,0.375,2.185,0.418C9.249,20.99,9.556,21,12,21s2.751-0.01,3.711-0.054c0.958-0.044,1.612-0.196,2.185-0.418 c0.592-0.23,1.094-0.538,1.594-1.038c0.5-0.5,0.808-1.002,1.038-1.594c0.222-0.572,0.375-1.227,0.418-2.185 C20.99,14.751,21,14.444,21,12s-0.01-2.751-0.054-3.711c-0.044-0.958-0.196-1.612-0.418-2.185c-0.23-0.592-0.538-1.094-1.038-1.594 c-0.5-0.5-1.002-0.808-1.594-1.038c-0.572-0.222-1.227-0.375-2.185-0.418C14.751,3.01,14.444,3,12,3L12,3z M12,7.378 c-2.552,0-4.622,2.069-4.622,4.622S9.448,16.622,12,16.622s4.622-2.069,4.622-4.622S14.552,7.378,12,7.378z M12,15 c-1.657,0-3-1.343-3-3s1.343-3,3-3s3,1.343,3,3S13.657,15,12,15z M16.804,6.116c-0.596,0-1.08,0.484-1.08,1.08 s0.484,1.08,1.08,1.08c0.596,0,1.08-0.484,1.08-1.08S17.401,6.116,16.804,6.116z\"><\/path><\/svg><\/a><\/li>\n\n\n\n\n\n\n\n\n\n<li class=\"wp-social-link wp-social-link-mail\"><a href=\"http:\/\/mt@teullet-avocat.fr\" aria-label=\"Mail\"> <svg width=\"24\" height=\"24\" viewBox=\"0 0 24 24\" version=\"1.1\" xmlns=\"http:\/\/www.w3.org\/2000\/svg\" role=\"img\" aria-hidden=\"true\" focusable=\"false\"><path d=\"M20,4H4C2.895,4,2,4.895,2,6v12c0,1.105,0.895,2,2,2h16c1.105,0,2-0.895,2-2V6C22,4.895,21.105,4,20,4z M20,8.236l-8,4.882 L4,8.236V6h16V8.236z\"><\/path><\/svg><\/a><\/li><\/ul>\n\n\n\n<p><\/p>\n","protected":false},"excerpt":{"rendered":"<p>&#8221; Votre situation est unique, le cabinet s&#8217;y adapte &#8220; *** Le cabinet TEULLET AVOCAT offre \u00e0 ses clients un large \u00e9ventail de comp\u00e9tences pour les guider et les \u00e9pauler face aux difficult\u00e9s rencontr\u00e9es. Ma\u00eetre TEULLET vous \u00e9paule dans les probl\u00e9matiques suivantes :<\/p>\n","protected":false},"author":1,"featured_media":0,"parent":0,"menu_order":0,"comment_status":"closed","ping_status":"closed","template":"","meta":[],"_links":{"self":[{"href":"https:\/\/teullet-avocat.fr\/index.php?rest_route=\/wp\/v2\/pages\/25"}],"collection":[{"href":"https:\/\/teullet-avocat.fr\/index.php?rest_route=\/wp\/v2\/pages"}],"about":[{"href":"https:\/\/teullet-avocat.fr\/index.php?rest_route=\/wp\/v2\/types\/page"}],"author":[{"embeddable":true,"href":"https:\/\/teullet-avocat.fr\/index.php?rest_route=\/wp\/v2\/users\/1"}],"replies":[{"embeddable":true,"href":"https:\/\/teullet-avocat.fr\/index.php?rest_route=%2Fwp%2Fv2%2Fcomments&post=25"}],"version-history":[{"count":94,"href":"https:\/\/teullet-avocat.fr\/index.php?rest_route=\/wp\/v2\/pages\/25\/revisions"}],"predecessor-version":[{"id":546,"href":"https:\/\/teullet-avocat.fr\/index.php?rest_route=\/wp\/v2\/pages\/25\/revisions\/546"}],"wp:attachment":[{"href":"https:\/\/teullet-avocat.fr\/index.php?rest_route=%2Fwp%2Fv2%2Fmedia&parent=25"}],"curies":[{"name":"wp","href":"https:\/\/api.w.org\/{rel}","templated":true}]}}