{"id":27,"date":"2019-02-15T15:42:55","date_gmt":"2019-02-15T14:42:55","guid":{"rendered":"http:\/\/teullet-avocat.fr\/?page_id=27"},"modified":"2024-11-15T23:51:08","modified_gmt":"2024-11-15T22:51:08","slug":"contact","status":"publish","type":"page","link":"https:\/\/teullet-avocat.fr\/?page_id=27","title":{"rendered":"Honoraires"},"content":{"rendered":"<div dir=\"ltr\">\u00a0<\/div>\n<div dir=\"ltr\">Consultation <span style=\"color: #ff0000;\">t\u00e9l\u00e9phonique<\/span> ou <span style=\"color: #ff0000;\">visio<\/span> de 30 min ( 07.69 92.38.39) : <span style=\"color: #ff0000;\">95 \u20ac TTC.<\/span><\/div>\n<div style=\"text-align: center;\">***<\/div>\n<div>D\u00e8s le premier rendez-vous la question des honoraires est abord\u00e9e en toute transparence.<\/div>\n<div dir=\"ltr\">\n<div dir=\"ltr\">\n<div>\n<div>\u00a0<\/div>\n<div>Selon le dossier et les missions sollicit\u00e9es, il est convenu d&#8217;un forfait ou d&#8217;une facturation au temps pass\u00e9.<\/div>\n<\/div>\n<div>\u00a0<\/div>\n<div>Pour les <span style=\"color: #ff0000;\">suivis de dossier<\/span>, le Cabinet <span style=\"color: #ff0000;\">TEULLET AVOCAT<\/span> pratique un taux horaire de<span style=\"color: #ff0000;\"> 250 \u20ac HT <span style=\"color: #000000;\">(Tva 20%).<\/span><br \/><\/span><\/div>\n<\/div>\n<div>\u00a0<\/div>\n<div>Toutefois, il est \u00e0 noter que ce taux horaire peut \u00eatre modul\u00e9 car il est conditionn\u00e9 en fonction, notamment, de la nature et la difficult\u00e9 de l\u2019affaire, du temps consacr\u00e9 au traitement du dossier, de l\u2019importance des int\u00e9r\u00eats en cause, des avantages qui peuvent \u00eatre obtenus et de la situation financi\u00e8re du client.<\/div>\n<div>\u00a0<\/div>\n<div>En conformit\u00e9 avec les r\u00e8gles d\u00e9ontologiques de la profession d\u2019Avocat, une convention d\u2019honoraires sera pass\u00e9e entre le cabinet et le client.<\/div>\n<\/div>\n<div dir=\"ltr\">\n<div dir=\"ltr\">\n<div>\u00a0<\/div>\n<div><hr \/><\/div>\n<div>\u00a0<\/div>\n<div>\n<div><strong>Assurance protection juridique<\/strong><\/div>\n<div>\n<p>Le cabinet <span style=\"color: #ff0000;\">TEULLET AVOCAT<\/span> vous invite \u00e0 v\u00e9rifier si vous disposez d&#8217;une garantie protection juridique attach\u00e9e \u00e0 l&#8217;un de vos contrats d&#8217;assurance. Si tel est le cas, les honoraires du cabinet seront alors, en tout ou partie, pris en charge par votre assureur, dans la limite pr\u00e9vue au contrat d\u2019assurance. Vous devez le contactez pour signaler votre litige. Cette prise en charge par l\u2019assurance protection juridique ne remet cependant pas en cause la libert\u00e9 de choix de l\u2019avocat par le client.<\/p>\n<hr \/>\n<div><strong>Aide juridictionelle<\/strong><\/div>\n<p>Le Cabinet ne pratique pas l&#8217;aide juridictionnelle.<\/p>\n<\/div>\n<\/div>\n<\/div>\n<\/div>\n<p><!--more--><\/p>\n<p><!--more--><\/p>\n\n\n<p><\/p>\n","protected":false},"excerpt":{"rendered":"<p>\u00a0 Consultation t\u00e9l\u00e9phonique ou visio de 30 min ( 07.69 92.38.39) : 95 \u20ac TTC. *** D\u00e8s le premier rendez-vous la question des honoraires est abord\u00e9e en toute transparence. \u00a0 Selon le dossier et les missions sollicit\u00e9es, il est convenu d&#8217;un forfait ou d&#8217;une facturation au temps pass\u00e9. \u00a0 Pour les suivis de dossier, le&hellip;&nbsp;<a href=\"https:\/\/teullet-avocat.fr\/?page_id=27\" class=\"\" rel=\"bookmark\">Read More &raquo;<span class=\"screen-reader-text\">Honoraires<\/span><\/a><\/p>\n","protected":false},"author":1,"featured_media":0,"parent":0,"menu_order":0,"comment_status":"closed","ping_status":"closed","template":"","meta":[],"_links":{"self":[{"href":"https:\/\/teullet-avocat.fr\/index.php?rest_route=\/wp\/v2\/pages\/27"}],"collection":[{"href":"https:\/\/teullet-avocat.fr\/index.php?rest_route=\/wp\/v2\/pages"}],"about":[{"href":"https:\/\/teullet-avocat.fr\/index.php?rest_route=\/wp\/v2\/types\/page"}],"author":[{"embeddable":true,"href":"https:\/\/teullet-avocat.fr\/index.php?rest_route=\/wp\/v2\/users\/1"}],"replies":[{"embeddable":true,"href":"https:\/\/teullet-avocat.fr\/index.php?rest_route=%2Fwp%2Fv2%2Fcomments&post=27"}],"version-history":[{"count":44,"href":"https:\/\/teullet-avocat.fr\/index.php?rest_route=\/wp\/v2\/pages\/27\/revisions"}],"predecessor-version":[{"id":517,"href":"https:\/\/teullet-avocat.fr\/index.php?rest_route=\/wp\/v2\/pages\/27\/revisions\/517"}],"wp:attachment":[{"href":"https:\/\/teullet-avocat.fr\/index.php?rest_route=%2Fwp%2Fv2%2Fmedia&parent=27"}],"curies":[{"name":"wp","href":"https:\/\/api.w.org\/{rel}","templated":true}]}}