{"id":29,"date":"2019-02-15T15:42:56","date_gmt":"2019-02-15T14:42:56","guid":{"rendered":"http:\/\/teullet-avocat.fr\/?page_id=29"},"modified":"2024-11-19T19:50:05","modified_gmt":"2024-11-19T18:50:05","slug":"une-section-de-page-daccueil","status":"publish","type":"page","link":"https:\/\/teullet-avocat.fr\/?page_id=29","title":{"rendered":"Domaines de comp\u00e9tences"},"content":{"rendered":"\n<div class=\"wp-block-columns\">\n<div class=\"wp-block-column\">\n<figure class=\"wp-block-table is-style-stripes\"><table class=\"has-subtle-pale-pink-background-color has-background\"><thead><tr><th><\/th><th class=\"has-text-align-left\" data-align=\"left\">AFFAIRES<\/th><\/tr><\/thead><tbody><tr><td><\/td><td class=\"has-text-align-left\" data-align=\"left\">Le Cabinet vous accompagne dans les d\u00e9marches suivantes:<br>\u2013 Cr\u00e9ation de soci\u00e9t\u00e9<br>\u2013 R\u00e9daction de CGV (B2B, B2C)<br>\u2013 Mentions l\u00e9gales (site internet)<br>\u2013 R\u00e9daction de contrat<br>\u2013 Impay\u00e9s (mises en demeure, injonction de payer)<\/td><\/tr><\/tbody><\/table><\/figure>\n\n\n\n<div class=\"wp-block-image is-style-default\"><figure class=\"aligncenter size-large is-resized\"><img loading=\"lazy\" src=\"http:\/\/teullet-avocat.fr\/wp-content\/uploads\/2024\/11\/teullet-avocat-travail-1024x731.png\" alt=\"\" class=\"wp-image-525\" width=\"326\" height=\"233\" srcset=\"https:\/\/teullet-avocat.fr\/wp-content\/uploads\/2024\/11\/teullet-avocat-travail-1024x731.png 1024w, https:\/\/teullet-avocat.fr\/wp-content\/uploads\/2024\/11\/teullet-avocat-travail-300x214.png 300w, https:\/\/teullet-avocat.fr\/wp-content\/uploads\/2024\/11\/teullet-avocat-travail-768x549.png 768w, https:\/\/teullet-avocat.fr\/wp-content\/uploads\/2024\/11\/teullet-avocat-travail-1536x1097.png 1536w, https:\/\/teullet-avocat.fr\/wp-content\/uploads\/2024\/11\/teullet-avocat-travail-2048x1463.png 2048w\" sizes=\"(max-width: 326px) 100vw, 326px\" \/><\/figure><\/div>\n<\/div>\n\n\n\n<div class=\"wp-block-column is-vertically-aligned-bottom\">\n<figure class=\"wp-block-table is-style-stripes\"><table class=\"has-subtle-pale-pink-background-color has-background\"><thead><tr><th><\/th><th>TRAVAIL<\/th><\/tr><\/thead><tbody><tr><td><\/td><td>Le Cabinet TEULLET AVOCAT d\u00e9fend et conseille les <strong>employeurs <\/strong>ainsi que les <strong>salari\u00e9s :<\/strong><br>\u2013 Audit social<br>\u2013 Enqu\u00eate harc\u00e8lement<br>\u2013 Contentieux du licenciement ou de la rupture du contrat de travail<br>\u2013 Sortie n\u00e9goci\u00e9e (conseils, n\u00e9gociation et accompagnements juridiques)<br>\u2013 Transaction<br>\u2013 Contentieux disciplinaire<br>\u2013 Contentieux li\u00e9s \u00e0 l\u2019ex\u00e9cution du contrat (conditions de travail, harc\u00e8lement, sant\u00e9 au travail, heures suppl\u00e9mentaires, mobilit\u00e9)<br>\u2013 R\u00e9f\u00e9r\u00e9 prud\u2019homal pour non paiement du salaire, heures suppl\u00e9mentaires, primes<br>\u2013 Travail dissimul\u00e9<br>\u2013 Inaptitude du salari\u00e9<br>\u2013 Discrimination<br>\u2013 R\u00e9daction et analyse du contrat de travail<\/td><\/tr><\/tbody><\/table><\/figure>\n\n\n\n<p><\/p>\n<\/div>\n<\/div>\n\n\n\n<div class=\"wp-block-columns\">\n<div class=\"wp-block-column\"><\/div>\n\n\n\n<div class=\"wp-block-column\"><\/div>\n<\/div>\n","protected":false},"excerpt":{"rendered":"<p>AFFAIRES Le Cabinet vous accompagne dans les d\u00e9marches suivantes:\u2013 Cr\u00e9ation de soci\u00e9t\u00e9\u2013 R\u00e9daction de CGV (B2B, B2C)\u2013 Mentions l\u00e9gales (site internet)\u2013 R\u00e9daction de contrat\u2013 Impay\u00e9s (mises en demeure, injonction de payer) TRAVAIL Le Cabinet TEULLET AVOCAT d\u00e9fend et conseille les employeurs ainsi que les salari\u00e9s :\u2013 Audit social\u2013 Enqu\u00eate harc\u00e8lement\u2013 Contentieux du licenciement ou de&hellip;&nbsp;<a href=\"https:\/\/teullet-avocat.fr\/?page_id=29\" class=\"\" rel=\"bookmark\">Read More &raquo;<span class=\"screen-reader-text\">Domaines de comp\u00e9tences<\/span><\/a><\/p>\n","protected":false},"author":1,"featured_media":0,"parent":0,"menu_order":0,"comment_status":"closed","ping_status":"closed","template":"page-templates\/template-pagebuilder-full-width.php","meta":[],"_links":{"self":[{"href":"https:\/\/teullet-avocat.fr\/index.php?rest_route=\/wp\/v2\/pages\/29"}],"collection":[{"href":"https:\/\/teullet-avocat.fr\/index.php?rest_route=\/wp\/v2\/pages"}],"about":[{"href":"https:\/\/teullet-avocat.fr\/index.php?rest_route=\/wp\/v2\/types\/page"}],"author":[{"embeddable":true,"href":"https:\/\/teullet-avocat.fr\/index.php?rest_route=\/wp\/v2\/users\/1"}],"replies":[{"embeddable":true,"href":"https:\/\/teullet-avocat.fr\/index.php?rest_route=%2Fwp%2Fv2%2Fcomments&post=29"}],"version-history":[{"count":18,"href":"https:\/\/teullet-avocat.fr\/index.php?rest_route=\/wp\/v2\/pages\/29\/revisions"}],"predecessor-version":[{"id":530,"href":"https:\/\/teullet-avocat.fr\/index.php?rest_route=\/wp\/v2\/pages\/29\/revisions\/530"}],"wp:attachment":[{"href":"https:\/\/teullet-avocat.fr\/index.php?rest_route=%2Fwp%2Fv2%2Fmedia&parent=29"}],"curies":[{"name":"wp","href":"https:\/\/api.w.org\/{rel}","templated":true}]}}